{"id":7228,"date":"2021-09-06T15:54:01","date_gmt":"2021-09-06T11:54:01","guid":{"rendered":"https:\/\/police.govmu.org\/police\/?page_id=7228"},"modified":"2024-03-25T14:40:02","modified_gmt":"2024-03-25T10:40:02","slug":"elementor-7228","status":"publish","type":"page","link":"https:\/\/police.govmu.org\/police\/?page_id=7228","title":{"rendered":"Exercice de promotion aux Casernes Centrales"},"content":{"rendered":"\t\t<div data-elementor-type=\"wp-page\" data-elementor-id=\"7228\" class=\"elementor elementor-7228\" data-elementor-post-type=\"page\">\n\t\t\t\t\t\t<section class=\"elementor-section elementor-top-section elementor-element elementor-element-2dedf07 elementor-section-boxed elementor-section-height-default elementor-section-height-default\" data-id=\"2dedf07\" data-element_type=\"section\">\n\t\t\t\t\t\t<div class=\"elementor-container elementor-column-gap-default\">\n\t\t\t\t\t<div class=\"elementor-column elementor-col-100 elementor-top-column elementor-element elementor-element-0b91e34\" data-id=\"0b91e34\" data-element_type=\"column\">\n\t\t\t<div class=\"elementor-widget-wrap elementor-element-populated\">\n\t\t\t\t\t\t<div class=\"elementor-element elementor-element-8279654 elementor-widget elementor-widget-heading\" data-id=\"8279654\" data-element_type=\"widget\" data-widget_type=\"heading.default\">\n\t\t\t\t<div class=\"elementor-widget-container\">\n\t\t\t\t\t<h2 class=\"elementor-heading-title elementor-size-default\">Exercice de promotion aux Casernes Centrales<\/h2>\t\t\t\t<\/div>\n\t\t\t\t<\/div>\n\t\t\t\t\t<\/div>\n\t\t<\/div>\n\t\t\t\t\t<\/div>\n\t\t<\/section>\n\t\t\t\t<section class=\"elementor-section elementor-top-section elementor-element elementor-element-a06e345 elementor-section-boxed elementor-section-height-default elementor-section-height-default\" data-id=\"a06e345\" data-element_type=\"section\">\n\t\t\t\t\t\t<div class=\"elementor-container elementor-column-gap-default\">\n\t\t\t\t\t<div class=\"elementor-column elementor-col-100 elementor-top-column elementor-element elementor-element-8b60db5\" data-id=\"8b60db5\" data-element_type=\"column\">\n\t\t\t<div class=\"elementor-widget-wrap elementor-element-populated\">\n\t\t\t\t\t\t<div class=\"elementor-element elementor-element-b511e53 elementor-widget elementor-widget-text-editor\" data-id=\"b511e53\" data-element_type=\"widget\" data-widget_type=\"text-editor.default\">\n\t\t\t\t<div class=\"elementor-widget-container\">\n\t\t\t\t\t\t\t\t\t<p>En ce lundi 6 septembre 2021, il r\u00e9gnait une atmosph\u00e8re tr\u00e8s solennelle aux Casernes Centrales, Port-Louis. Au total, 489 officiers ont \u00e9t\u00e9 promus \u00e0 un rang sup\u00e9rieur lors d\u2019une c\u00e9r\u00e9monie protocolaire marqu\u00e9e par la pr\u00e9sence du Premier Ministre, l\u2019Honorable Pravind Kumar Jugnauth. La majorit\u00e9 des officiers de police concern\u00e9s par cet exercice de promotion ont gravi l\u2019\u00e9chelon de Caporal \u00e0 celui de Sergent. Ils ont d\u2019ailleurs re\u00e7u chacun leur lettre de promotion, en main propre, du Commissaire de Police par int\u00e9rim, A. K. Dip, PMSM.<\/p><p>\u00c0 noter aussi que l\u2019 \u2018Assistant Commissioner of Police\u2019 M. Rassen, actuel Responsable de la \u2018Central Division\u2019, a \u00e9t\u00e9 promu au rang de \u2018Deputy Commissioner of Police\u2019.<\/p><p>Lors d\u2019une d\u00e9claration \u00e0 la presse \u00e0 l\u2019issue de l\u2019\u00e9v\u00e8nement, le Commissaire de Police par int\u00e9rim, A. K. Dip, PMSM, a mis en exergue la riche exp\u00e9rience de tous les officiers promus. Celle-ci leur permettra d\u2019assumer pleinement leurs nouvelles responsabilit\u00e9s et aussi d\u2019encadrer davantage les plus jeunes, selon le chef de la force polici\u00e8re. \u00a0<\/p><p>D\u2019autre part, lors de la c\u00e9r\u00e9monie du jour, le nouvel uniforme du Mauritius Police Force a \u00e9t\u00e9 officiellement pr\u00e9sent\u00e9. Nos policiers arboreront celui-ci dans un proche avenir. \u00a0<\/p>\t\t\t\t\t\t\t\t<\/div>\n\t\t\t\t<\/div>\n\t\t\t\t\t<\/div>\n\t\t<\/div>\n\t\t\t\t\t<\/div>\n\t\t<\/section>\n\t\t\t\t<section class=\"elementor-section elementor-top-section elementor-element elementor-element-c99c87e elementor-section-boxed elementor-section-height-default elementor-section-height-default\" data-id=\"c99c87e\" data-element_type=\"section\">\n\t\t\t\t\t\t<div class=\"elementor-container elementor-column-gap-default\">\n\t\t\t\t\t<div class=\"elementor-column elementor-col-100 elementor-top-column elementor-element elementor-element-32355c9\" data-id=\"32355c9\" data-element_type=\"column\">\n\t\t\t<div class=\"elementor-widget-wrap elementor-element-populated\">\n\t\t\t\t\t\t<div class=\"elementor-element elementor-element-6eec812 elementor-widget elementor-widget-gallery\" data-id=\"6eec812\" data-element_type=\"widget\" data-settings=\"{&quot;lazyload&quot;:&quot;yes&quot;,&quot;gallery_layout&quot;:&quot;grid&quot;,&quot;columns&quot;:4,&quot;columns_tablet&quot;:2,&quot;columns_mobile&quot;:1,&quot;gap&quot;:{&quot;unit&quot;:&quot;px&quot;,&quot;size&quot;:10,&quot;sizes&quot;:[]},&quot;gap_tablet&quot;:{&quot;unit&quot;:&quot;px&quot;,&quot;size&quot;:10,&quot;sizes&quot;:[]},&quot;gap_mobile&quot;:{&quot;unit&quot;:&quot;px&quot;,&quot;size&quot;:10,&quot;sizes&quot;:[]},&quot;link_to&quot;:&quot;file&quot;,&quot;aspect_ratio&quot;:&quot;3:2&quot;,&quot;overlay_background&quot;:&quot;yes&quot;,&quot;content_hover_animation&quot;:&quot;fade-in&quot;}\" data-widget_type=\"gallery.default\">\n\t\t\t\t<div class=\"elementor-widget-container\">\n\t\t\t\t\t\t\t<div class=\"elementor-gallery__container\">\n\t\t\t\t\t\t\t<a class=\"e-gallery-item elementor-gallery-item elementor-animated-content\" href=\"https:\/\/police.govmu.org\/police\/wp-content\/uploads\/2021\/09\/4387.jpg\" data-elementor-open-lightbox=\"yes\" data-elementor-lightbox-slideshow=\"6eec812\" data-elementor-lightbox-title=\"4387\" data-e-action-hash=\"#elementor-action%3Aaction%3Dlightbox%26settings%3DeyJpZCI6NzIzOCwidXJsIjoiaHR0cHM6XC9cL3BvbGljZS5nb3ZtdS5vcmdcL3BvbGljZVwvd3AtY29udGVudFwvdXBsb2Fkc1wvMjAyMVwvMDlcLzQzODcuanBnIiwic2xpZGVzaG93IjoiNmVlYzgxMiJ9\">\n\t\t\t\t\t<div class=\"e-gallery-image elementor-gallery-item__image\" data-thumbnail=\"https:\/\/police.govmu.org\/police\/wp-content\/uploads\/2021\/09\/4387-300x200.jpg\" data-width=\"300\" data-height=\"200\" aria-label=\"\" role=\"img\" ><\/div>\n\t\t\t\t\t\t\t\t\t\t\t<div class=\"elementor-gallery-item__overlay\"><\/div>\n\t\t\t\t\t\t\t\t\t\t\t\t\t\t<\/a>\n\t\t\t\t\t\t\t<a class=\"e-gallery-item elementor-gallery-item elementor-animated-content\" href=\"https:\/\/police.govmu.org\/police\/wp-content\/uploads\/2021\/09\/06.jpg\" data-elementor-open-lightbox=\"yes\" data-elementor-lightbox-slideshow=\"6eec812\" data-elementor-lightbox-title=\"06\" data-e-action-hash=\"#elementor-action%3Aaction%3Dlightbox%26settings%3DeyJpZCI6NzI0MCwidXJsIjoiaHR0cHM6XC9cL3BvbGljZS5nb3ZtdS5vcmdcL3BvbGljZVwvd3AtY29udGVudFwvdXBsb2Fkc1wvMjAyMVwvMDlcLzA2LmpwZyIsInNsaWRlc2hvdyI6IjZlZWM4MTIifQ%3D%3D\">\n\t\t\t\t\t<div class=\"e-gallery-image elementor-gallery-item__image\" data-thumbnail=\"https:\/\/police.govmu.org\/police\/wp-content\/uploads\/2021\/09\/06-300x200.jpg\" data-width=\"300\" data-height=\"200\" aria-label=\"\" role=\"img\" ><\/div>\n\t\t\t\t\t\t\t\t\t\t\t<div class=\"elementor-gallery-item__overlay\"><\/div>\n\t\t\t\t\t\t\t\t\t\t\t\t\t\t<\/a>\n\t\t\t\t\t\t\t<a class=\"e-gallery-item elementor-gallery-item elementor-animated-content\" href=\"https:\/\/police.govmu.org\/police\/wp-content\/uploads\/2021\/09\/01.jpg\" data-elementor-open-lightbox=\"yes\" data-elementor-lightbox-slideshow=\"6eec812\" data-elementor-lightbox-title=\"01\" data-e-action-hash=\"#elementor-action%3Aaction%3Dlightbox%26settings%3DeyJpZCI6NzI0NSwidXJsIjoiaHR0cHM6XC9cL3BvbGljZS5nb3ZtdS5vcmdcL3BvbGljZVwvd3AtY29udGVudFwvdXBsb2Fkc1wvMjAyMVwvMDlcLzAxLmpwZyIsInNsaWRlc2hvdyI6IjZlZWM4MTIifQ%3D%3D\">\n\t\t\t\t\t<div class=\"e-gallery-image elementor-gallery-item__image\" data-thumbnail=\"https:\/\/police.govmu.org\/police\/wp-content\/uploads\/2021\/09\/01-300x200.jpg\" data-width=\"300\" data-height=\"200\" aria-label=\"\" role=\"img\" ><\/div>\n\t\t\t\t\t\t\t\t\t\t\t<div class=\"elementor-gallery-item__overlay\"><\/div>\n\t\t\t\t\t\t\t\t\t\t\t\t\t\t<\/a>\n\t\t\t\t\t\t\t<a class=\"e-gallery-item elementor-gallery-item elementor-animated-content\" href=\"https:\/\/police.govmu.org\/police\/wp-content\/uploads\/2021\/09\/02.jpg\" data-elementor-open-lightbox=\"yes\" data-elementor-lightbox-slideshow=\"6eec812\" data-elementor-lightbox-title=\"02\" data-e-action-hash=\"#elementor-action%3Aaction%3Dlightbox%26settings%3DeyJpZCI6NzI0NCwidXJsIjoiaHR0cHM6XC9cL3BvbGljZS5nb3ZtdS5vcmdcL3BvbGljZVwvd3AtY29udGVudFwvdXBsb2Fkc1wvMjAyMVwvMDlcLzAyLmpwZyIsInNsaWRlc2hvdyI6IjZlZWM4MTIifQ%3D%3D\">\n\t\t\t\t\t<div class=\"e-gallery-image elementor-gallery-item__image\" data-thumbnail=\"https:\/\/police.govmu.org\/police\/wp-content\/uploads\/2021\/09\/02-300x200.jpg\" data-width=\"300\" data-height=\"200\" aria-label=\"\" role=\"img\" ><\/div>\n\t\t\t\t\t\t\t\t\t\t\t<div class=\"elementor-gallery-item__overlay\"><\/div>\n\t\t\t\t\t\t\t\t\t\t\t\t\t\t<\/a>\n\t\t\t\t\t\t\t<a class=\"e-gallery-item elementor-gallery-item elementor-animated-content\" href=\"https:\/\/police.govmu.org\/police\/wp-content\/uploads\/2021\/09\/03.jpg\" data-elementor-open-lightbox=\"yes\" data-elementor-lightbox-slideshow=\"6eec812\" data-elementor-lightbox-title=\"03\" data-e-action-hash=\"#elementor-action%3Aaction%3Dlightbox%26settings%3DeyJpZCI6NzI0MywidXJsIjoiaHR0cHM6XC9cL3BvbGljZS5nb3ZtdS5vcmdcL3BvbGljZVwvd3AtY29udGVudFwvdXBsb2Fkc1wvMjAyMVwvMDlcLzAzLmpwZyIsInNsaWRlc2hvdyI6IjZlZWM4MTIifQ%3D%3D\">\n\t\t\t\t\t<div class=\"e-gallery-image elementor-gallery-item__image\" data-thumbnail=\"https:\/\/police.govmu.org\/police\/wp-content\/uploads\/2021\/09\/03-300x200.jpg\" data-width=\"300\" data-height=\"200\" aria-label=\"\" role=\"img\" ><\/div>\n\t\t\t\t\t\t\t\t\t\t\t<div class=\"elementor-gallery-item__overlay\"><\/div>\n\t\t\t\t\t\t\t\t\t\t\t\t\t\t<\/a>\n\t\t\t\t\t\t\t<a class=\"e-gallery-item elementor-gallery-item elementor-animated-content\" href=\"https:\/\/police.govmu.org\/police\/wp-content\/uploads\/2021\/09\/04.jpg\" data-elementor-open-lightbox=\"yes\" data-elementor-lightbox-slideshow=\"6eec812\" data-elementor-lightbox-title=\"04\" data-e-action-hash=\"#elementor-action%3Aaction%3Dlightbox%26settings%3DeyJpZCI6NzI0MiwidXJsIjoiaHR0cHM6XC9cL3BvbGljZS5nb3ZtdS5vcmdcL3BvbGljZVwvd3AtY29udGVudFwvdXBsb2Fkc1wvMjAyMVwvMDlcLzA0LmpwZyIsInNsaWRlc2hvdyI6IjZlZWM4MTIifQ%3D%3D\">\n\t\t\t\t\t<div class=\"e-gallery-image elementor-gallery-item__image\" data-thumbnail=\"https:\/\/police.govmu.org\/police\/wp-content\/uploads\/2021\/09\/04-300x200.jpg\" data-width=\"300\" data-height=\"200\" aria-label=\"\" role=\"img\" ><\/div>\n\t\t\t\t\t\t\t\t\t\t\t<div class=\"elementor-gallery-item__overlay\"><\/div>\n\t\t\t\t\t\t\t\t\t\t\t\t\t\t<\/a>\n\t\t\t\t\t\t\t<a class=\"e-gallery-item elementor-gallery-item elementor-animated-content\" href=\"https:\/\/police.govmu.org\/police\/wp-content\/uploads\/2021\/09\/4398.jpg\" data-elementor-open-lightbox=\"yes\" data-elementor-lightbox-slideshow=\"6eec812\" data-elementor-lightbox-title=\"4398\" data-e-action-hash=\"#elementor-action%3Aaction%3Dlightbox%26settings%3DeyJpZCI6NzIzNywidXJsIjoiaHR0cHM6XC9cL3BvbGljZS5nb3ZtdS5vcmdcL3BvbGljZVwvd3AtY29udGVudFwvdXBsb2Fkc1wvMjAyMVwvMDlcLzQzOTguanBnIiwic2xpZGVzaG93IjoiNmVlYzgxMiJ9\">\n\t\t\t\t\t<div class=\"e-gallery-image elementor-gallery-item__image\" data-thumbnail=\"https:\/\/police.govmu.org\/police\/wp-content\/uploads\/2021\/09\/4398-300x200.jpg\" data-width=\"300\" data-height=\"200\" aria-label=\"\" role=\"img\" ><\/div>\n\t\t\t\t\t\t\t\t\t\t\t<div class=\"elementor-gallery-item__overlay\"><\/div>\n\t\t\t\t\t\t\t\t\t\t\t\t\t\t<\/a>\n\t\t\t\t\t\t\t<a class=\"e-gallery-item elementor-gallery-item elementor-animated-content\" href=\"https:\/\/police.govmu.org\/police\/wp-content\/uploads\/2021\/09\/4400.jpg\" data-elementor-open-lightbox=\"yes\" data-elementor-lightbox-slideshow=\"6eec812\" data-elementor-lightbox-title=\"4400\" data-e-action-hash=\"#elementor-action%3Aaction%3Dlightbox%26settings%3DeyJpZCI6NzIzNiwidXJsIjoiaHR0cHM6XC9cL3BvbGljZS5nb3ZtdS5vcmdcL3BvbGljZVwvd3AtY29udGVudFwvdXBsb2Fkc1wvMjAyMVwvMDlcLzQ0MDAuanBnIiwic2xpZGVzaG93IjoiNmVlYzgxMiJ9\">\n\t\t\t\t\t<div class=\"e-gallery-image elementor-gallery-item__image\" data-thumbnail=\"https:\/\/police.govmu.org\/police\/wp-content\/uploads\/2021\/09\/4400-300x200.jpg\" data-width=\"300\" data-height=\"200\" aria-label=\"\" role=\"img\" ><\/div>\n\t\t\t\t\t\t\t\t\t\t\t<div class=\"elementor-gallery-item__overlay\"><\/div>\n\t\t\t\t\t\t\t\t\t\t\t\t\t\t<\/a>\n\t\t\t\t\t\t\t<a class=\"e-gallery-item elementor-gallery-item elementor-animated-content\" href=\"https:\/\/police.govmu.org\/police\/wp-content\/uploads\/2021\/09\/05.jpg\" data-elementor-open-lightbox=\"yes\" data-elementor-lightbox-slideshow=\"6eec812\" data-elementor-lightbox-title=\"05\" data-e-action-hash=\"#elementor-action%3Aaction%3Dlightbox%26settings%3DeyJpZCI6NzI0MSwidXJsIjoiaHR0cHM6XC9cL3BvbGljZS5nb3ZtdS5vcmdcL3BvbGljZVwvd3AtY29udGVudFwvdXBsb2Fkc1wvMjAyMVwvMDlcLzA1LmpwZyIsInNsaWRlc2hvdyI6IjZlZWM4MTIifQ%3D%3D\">\n\t\t\t\t\t<div class=\"e-gallery-image elementor-gallery-item__image\" data-thumbnail=\"https:\/\/police.govmu.org\/police\/wp-content\/uploads\/2021\/09\/05-300x200.jpg\" data-width=\"300\" data-height=\"200\" aria-label=\"\" role=\"img\" ><\/div>\n\t\t\t\t\t\t\t\t\t\t\t<div class=\"elementor-gallery-item__overlay\"><\/div>\n\t\t\t\t\t\t\t\t\t\t\t\t\t\t<\/a>\n\t\t\t\t\t\t\t<a class=\"e-gallery-item elementor-gallery-item elementor-animated-content\" href=\"https:\/\/police.govmu.org\/police\/wp-content\/uploads\/2021\/09\/PHS01.jpg\" data-elementor-open-lightbox=\"yes\" data-elementor-lightbox-slideshow=\"6eec812\" data-elementor-lightbox-title=\"PHS01\" data-e-action-hash=\"#elementor-action%3Aaction%3Dlightbox%26settings%3DeyJpZCI6NzIzMywidXJsIjoiaHR0cHM6XC9cL3BvbGljZS5nb3ZtdS5vcmdcL3BvbGljZVwvd3AtY29udGVudFwvdXBsb2Fkc1wvMjAyMVwvMDlcL1BIUzAxLmpwZyIsInNsaWRlc2hvdyI6IjZlZWM4MTIifQ%3D%3D\">\n\t\t\t\t\t<div class=\"e-gallery-image elementor-gallery-item__image\" data-thumbnail=\"https:\/\/police.govmu.org\/police\/wp-content\/uploads\/2021\/09\/PHS01-300x200.jpg\" data-width=\"300\" data-height=\"200\" aria-label=\"\" role=\"img\" ><\/div>\n\t\t\t\t\t\t\t\t\t\t\t<div class=\"elementor-gallery-item__overlay\"><\/div>\n\t\t\t\t\t\t\t\t\t\t\t\t\t\t<\/a>\n\t\t\t\t\t\t\t<a class=\"e-gallery-item elementor-gallery-item elementor-animated-content\" href=\"https:\/\/police.govmu.org\/police\/wp-content\/uploads\/2021\/09\/mac.jpg\" data-elementor-open-lightbox=\"yes\" data-elementor-lightbox-slideshow=\"6eec812\" data-elementor-lightbox-title=\"mac\" data-e-action-hash=\"#elementor-action%3Aaction%3Dlightbox%26settings%3DeyJpZCI6NzIzNCwidXJsIjoiaHR0cHM6XC9cL3BvbGljZS5nb3ZtdS5vcmdcL3BvbGljZVwvd3AtY29udGVudFwvdXBsb2Fkc1wvMjAyMVwvMDlcL21hYy5qcGciLCJzbGlkZXNob3ciOiI2ZWVjODEyIn0%3D\">\n\t\t\t\t\t<div class=\"e-gallery-image elementor-gallery-item__image\" data-thumbnail=\"https:\/\/police.govmu.org\/police\/wp-content\/uploads\/2021\/09\/mac-300x200.jpg\" data-width=\"300\" data-height=\"200\" aria-label=\"\" role=\"img\" ><\/div>\n\t\t\t\t\t\t\t\t\t\t\t<div class=\"elementor-gallery-item__overlay\"><\/div>\n\t\t\t\t\t\t\t\t\t\t\t\t\t\t<\/a>\n\t\t\t\t\t\t\t<a class=\"e-gallery-item elementor-gallery-item elementor-animated-content\" href=\"https:\/\/police.govmu.org\/police\/wp-content\/uploads\/2021\/09\/1121.jpg\" data-elementor-open-lightbox=\"yes\" data-elementor-lightbox-slideshow=\"6eec812\" data-elementor-lightbox-title=\"1121\" data-e-action-hash=\"#elementor-action%3Aaction%3Dlightbox%26settings%3DeyJpZCI6NzIzOSwidXJsIjoiaHR0cHM6XC9cL3BvbGljZS5nb3ZtdS5vcmdcL3BvbGljZVwvd3AtY29udGVudFwvdXBsb2Fkc1wvMjAyMVwvMDlcLzExMjEuanBnIiwic2xpZGVzaG93IjoiNmVlYzgxMiJ9\">\n\t\t\t\t\t<div class=\"e-gallery-image elementor-gallery-item__image\" data-thumbnail=\"https:\/\/police.govmu.org\/police\/wp-content\/uploads\/2021\/09\/1121-300x200.jpg\" data-width=\"300\" data-height=\"200\" aria-label=\"\" role=\"img\" ><\/div>\n\t\t\t\t\t\t\t\t\t\t\t<div class=\"elementor-gallery-item__overlay\"><\/div>\n\t\t\t\t\t\t\t\t\t\t\t\t\t\t<\/a>\n\t\t\t\t\t\t\t<a class=\"e-gallery-item elementor-gallery-item elementor-animated-content\" href=\"https:\/\/police.govmu.org\/police\/wp-content\/uploads\/2021\/09\/7834.jpg\" data-elementor-open-lightbox=\"yes\" data-elementor-lightbox-slideshow=\"6eec812\" data-elementor-lightbox-title=\"7834\" data-e-action-hash=\"#elementor-action%3Aaction%3Dlightbox%26settings%3DeyJpZCI6NzIzNSwidXJsIjoiaHR0cHM6XC9cL3BvbGljZS5nb3ZtdS5vcmdcL3BvbGljZVwvd3AtY29udGVudFwvdXBsb2Fkc1wvMjAyMVwvMDlcLzc4MzQuanBnIiwic2xpZGVzaG93IjoiNmVlYzgxMiJ9\">\n\t\t\t\t\t<div class=\"e-gallery-image elementor-gallery-item__image\" data-thumbnail=\"https:\/\/police.govmu.org\/police\/wp-content\/uploads\/2021\/09\/7834-300x200.jpg\" data-width=\"300\" data-height=\"200\" aria-label=\"\" role=\"img\" ><\/div>\n\t\t\t\t\t\t\t\t\t\t\t<div class=\"elementor-gallery-item__overlay\"><\/div>\n\t\t\t\t\t\t\t\t\t\t\t\t\t\t<\/a>\n\t\t\t\t\t<\/div>\n\t\t\t\t\t<\/div>\n\t\t\t\t<\/div>\n\t\t\t\t\t<\/div>\n\t\t<\/div>\n\t\t\t\t\t<\/div>\n\t\t<\/section>\n\t\t\t\t<\/div>\n\t\t","protected":false},"excerpt":{"rendered":"<p>Exercice de promotion aux Casernes Centrales En ce lundi 6 septembre 2021, il r\u00e9gnait une atmosph\u00e8re tr\u00e8s solennelle aux Casernes Centrales, Port-Louis. Au total, 489 officiers ont \u00e9t\u00e9 promus \u00e0 un rang sup\u00e9rieur lors d\u2019une c\u00e9r\u00e9monie protocolaire marqu\u00e9e par la pr\u00e9sence du Premier Ministre, l\u2019Honorable Pravind Kumar Jugnauth. La majorit\u00e9 des officiers de police concern\u00e9s &hellip;<\/p>\n<p class=\"read-more\"> <a class=\"\" href=\"https:\/\/police.govmu.org\/police\/?page_id=7228\"> <span class=\"screen-reader-text\">Exercice de promotion aux Casernes Centrales<\/span> Read More &raquo;<\/a><\/p>\n","protected":false},"author":3,"featured_media":0,"parent":0,"menu_order":0,"comment_status":"closed","ping_status":"closed","template":"","meta":{"site-sidebar-layout":"no-sidebar","site-content-layout":"page-builder","ast-main-header-display":"","ast-hfb-above-header-display":"","ast-hfb-below-header-display":"","ast-hfb-mobile-header-display":"","site-post-title":"disabled","ast-breadcrumbs-content":"","ast-featured-img":"disabled","footer-sml-layout":"","theme-transparent-header-meta":"default","adv-header-id-meta":"","stick-header-meta":"","header-above-stick-meta":"","header-main-stick-meta":"","header-below-stick-meta":"","footnotes":""},"categories":[36],"tags":[],"class_list":["post-7228","page","type-page","status-publish","hentry","category-latest-news"],"_links":{"self":[{"href":"https:\/\/police.govmu.org\/police\/index.php?rest_route=\/wp\/v2\/pages\/7228","targetHints":{"allow":["GET"]}}],"collection":[{"href":"https:\/\/police.govmu.org\/police\/index.php?rest_route=\/wp\/v2\/pages"}],"about":[{"href":"https:\/\/police.govmu.org\/police\/index.php?rest_route=\/wp\/v2\/types\/page"}],"author":[{"embeddable":true,"href":"https:\/\/police.govmu.org\/police\/index.php?rest_route=\/wp\/v2\/users\/3"}],"replies":[{"embeddable":true,"href":"https:\/\/police.govmu.org\/police\/index.php?rest_route=%2Fwp%2Fv2%2Fcomments&post=7228"}],"version-history":[{"count":5,"href":"https:\/\/police.govmu.org\/police\/index.php?rest_route=\/wp\/v2\/pages\/7228\/revisions"}],"predecessor-version":[{"id":7865,"href":"https:\/\/police.govmu.org\/police\/index.php?rest_route=\/wp\/v2\/pages\/7228\/revisions\/7865"}],"wp:attachment":[{"href":"https:\/\/police.govmu.org\/police\/index.php?rest_route=%2Fwp%2Fv2%2Fmedia&parent=7228"}],"wp:term":[{"taxonomy":"category","embeddable":true,"href":"https:\/\/police.govmu.org\/police\/index.php?rest_route=%2Fwp%2Fv2%2Fcategories&post=7228"},{"taxonomy":"post_tag","embeddable":true,"href":"https:\/\/police.govmu.org\/police\/index.php?rest_route=%2Fwp%2Fv2%2Ftags&post=7228"}],"curies":[{"name":"wp","href":"https:\/\/api.w.org\/{rel}","templated":true}]}}