{"id":7159,"date":"2021-08-12T15:55:49","date_gmt":"2021-08-12T11:55:49","guid":{"rendered":"https:\/\/police.govmu.org\/police\/?page_id=7159"},"modified":"2024-03-25T14:34:56","modified_gmt":"2024-03-25T10:34:56","slug":"12-aout-journee-internationale-de-la-jeunesse-la-police-intensifie-sa-campagne-de-sensibilisation-aupres-des-jeunes","status":"publish","type":"page","link":"https:\/\/police.govmu.org\/police\/?page_id=7159","title":{"rendered":"12 AO\u00dbT- JOURN\u00c9E INTERNATIONALE DE LA JEUNESSE. La police intensifie sa campagne de sensibilisation aupr\u00e8s des jeunes"},"content":{"rendered":"\t\t<div data-elementor-type=\"wp-page\" data-elementor-id=\"7159\" class=\"elementor elementor-7159\" data-elementor-post-type=\"page\">\n\t\t\t\t\t\t<section class=\"elementor-section elementor-top-section elementor-element elementor-element-17f6757 elementor-section-boxed elementor-section-height-default elementor-section-height-default\" data-id=\"17f6757\" data-element_type=\"section\">\n\t\t\t\t\t\t<div class=\"elementor-container elementor-column-gap-default\">\n\t\t\t\t\t<div class=\"elementor-column elementor-col-100 elementor-top-column elementor-element elementor-element-dd50ce0\" data-id=\"dd50ce0\" data-element_type=\"column\">\n\t\t\t<div class=\"elementor-widget-wrap elementor-element-populated\">\n\t\t\t\t\t\t<div class=\"elementor-element elementor-element-55b6353 elementor-widget elementor-widget-heading\" data-id=\"55b6353\" data-element_type=\"widget\" data-widget_type=\"heading.default\">\n\t\t\t\t<div class=\"elementor-widget-container\">\n\t\t\t\t\t<h2 class=\"elementor-heading-title elementor-size-default\">12 AO\u00dbT - JOURN\u00c9E INTERNATIONALE DE LA JEUNESSE. La police intensifie sa campagne de sensibilisation aupr\u00e8s des jeunes <\/h2>\t\t\t\t<\/div>\n\t\t\t\t<\/div>\n\t\t\t\t\t<\/div>\n\t\t<\/div>\n\t\t\t\t\t<\/div>\n\t\t<\/section>\n\t\t\t\t<section class=\"elementor-section elementor-top-section elementor-element elementor-element-0c708d0 elementor-section-boxed elementor-section-height-default elementor-section-height-default\" data-id=\"0c708d0\" data-element_type=\"section\">\n\t\t\t\t\t\t<div class=\"elementor-container elementor-column-gap-default\">\n\t\t\t\t\t<div class=\"elementor-column elementor-col-100 elementor-top-column elementor-element elementor-element-b60f29d\" data-id=\"b60f29d\" data-element_type=\"column\">\n\t\t\t<div class=\"elementor-widget-wrap elementor-element-populated\">\n\t\t\t\t\t\t<div class=\"elementor-element elementor-element-f5bfa29 elementor-widget elementor-widget-text-editor\" data-id=\"f5bfa29\" data-element_type=\"widget\" data-widget_type=\"text-editor.default\">\n\t\t\t\t<div class=\"elementor-widget-container\">\n\t\t\t\t\t\t\t\t\t<p>\u00ab\u00a0Encourager la jeunesse \u00e0 s\u2019instruire et \u00e0 se cultiver, c\u2019est b\u00e2tir une soci\u00e9t\u00e9 meilleure\u00a0\u00bb. Assur\u00e9ment, cette citation d\u2019Esther Johnson cadre bien avec les initiatives de la Crime Prevention Unit en marge de la Journ\u00e9e internationale de la jeunesse c\u00e9l\u00e9br\u00e9e aujourd\u2019hui.<\/p><p>Ainsi hier, avec la collaboration de plusieurs ONG, les officiers de cette unit\u00e9 de police sp\u00e9cialis\u00e9e ont sensibilis\u00e9 environ 175 jeunes au sein des \u00e9tablissements suivants\u00a0: \u00c9cole P\u00e8re Henri Souchon \u00e0 Pointe aux Sables, Vocational Traning Institute \u00e0 Vacoas, Centre de l\u2019Association Amour et Espoir \u00e0 La Gaulette.<\/p><p>Les diff\u00e9rents intervenants ont abord\u00e9 des sujets tels que la protection des mineurs, la d\u00e9linquance juv\u00e9nile, les dangers de la drogue,\u00a0 le certificat de caract\u00e8re, le r\u00f4le de la jeunesse dans la soci\u00e9t\u00e9, le trafic humain et la protection personnelle.<\/p><p>On tient \u00e0 remercier les ONG \u00e0 savoir l\u2019Oasis de Paix et l\u2019Association Amour et Espoir pour leur collaboration. Sans doute, un tel partenariat entre la police et les parties prenantes de notre soci\u00e9t\u00e9 ne peut qu\u2019\u00eatre b\u00e9n\u00e9fique pour la jeunesse mauricienne.<\/p>\t\t\t\t\t\t\t\t<\/div>\n\t\t\t\t<\/div>\n\t\t\t\t\t<\/div>\n\t\t<\/div>\n\t\t\t\t\t<\/div>\n\t\t<\/section>\n\t\t\t\t<section class=\"elementor-section elementor-top-section elementor-element elementor-element-0df5204 elementor-section-boxed elementor-section-height-default elementor-section-height-default\" data-id=\"0df5204\" data-element_type=\"section\">\n\t\t\t\t\t\t<div class=\"elementor-container elementor-column-gap-default\">\n\t\t\t\t\t<div class=\"elementor-column elementor-col-100 elementor-top-column elementor-element elementor-element-9090b2e\" data-id=\"9090b2e\" data-element_type=\"column\">\n\t\t\t<div class=\"elementor-widget-wrap elementor-element-populated\">\n\t\t\t\t\t\t<div class=\"elementor-element elementor-element-869a163 elementor-widget elementor-widget-gallery\" data-id=\"869a163\" data-element_type=\"widget\" data-settings=\"{&quot;lazyload&quot;:&quot;yes&quot;,&quot;gallery_layout&quot;:&quot;grid&quot;,&quot;columns&quot;:4,&quot;columns_tablet&quot;:2,&quot;columns_mobile&quot;:1,&quot;gap&quot;:{&quot;unit&quot;:&quot;px&quot;,&quot;size&quot;:10,&quot;sizes&quot;:[]},&quot;gap_tablet&quot;:{&quot;unit&quot;:&quot;px&quot;,&quot;size&quot;:10,&quot;sizes&quot;:[]},&quot;gap_mobile&quot;:{&quot;unit&quot;:&quot;px&quot;,&quot;size&quot;:10,&quot;sizes&quot;:[]},&quot;link_to&quot;:&quot;file&quot;,&quot;aspect_ratio&quot;:&quot;3:2&quot;,&quot;show_all_galleries&quot;:&quot;yes&quot;,&quot;overlay_background&quot;:&quot;yes&quot;,&quot;content_hover_animation&quot;:&quot;fade-in&quot;}\" data-widget_type=\"gallery.default\">\n\t\t\t\t<div class=\"elementor-widget-container\">\n\t\t\t\t\t\t\t\t<div class=\"elementor-gallery__titles-container e--pointer-underline e--animation-fade\" aria-label=\"Gallery filter\">\n\t\t\t\t\t\t\t\t\t<a class=\"elementor-item elementor-gallery-title\" role=\"button\" tabindex=\"0\" data-gallery-index=\"all\">\n\t\t\t\t\t\tAll\t\t\t\t\t<\/a>\n\t\t\t\t\n\t\t\t\t\t\t\t\t\t<a class=\"elementor-item elementor-gallery-title\" role=\"button\" tabindex=\"0\" data-gallery-index=\"0\">\n\t\t\t\t\t\tNew Gallery\t\t\t\t\t<\/a>\n\t\t\t\t\t\t\t\t<\/div>\n\t\t\t\t\t<div class=\"elementor-gallery__container\">\n\t\t\t\t\t\t\t<a class=\"e-gallery-item elementor-gallery-item elementor-animated-content\" data-e-gallery-tags=\"0\" href=\"https:\/\/police.govmu.org\/police\/wp-content\/uploads\/2021\/08\/thumbnail4.jpg\" data-elementor-open-lightbox=\"yes\" data-elementor-lightbox-slideshow=\"869a163\" data-elementor-lightbox-title=\"thumbnail4\" data-e-action-hash=\"#elementor-action%3Aaction%3Dlightbox%26settings%3DeyJpZCI6NzE2NCwidXJsIjoiaHR0cHM6XC9cL3BvbGljZS5nb3ZtdS5vcmdcL3BvbGljZVwvd3AtY29udGVudFwvdXBsb2Fkc1wvMjAyMVwvMDhcL3RodW1ibmFpbDQuanBnIiwic2xpZGVzaG93IjoiODY5YTE2MyJ9\">\n\t\t\t\t\t<div class=\"e-gallery-image elementor-gallery-item__image\" data-thumbnail=\"https:\/\/police.govmu.org\/police\/wp-content\/uploads\/2021\/08\/thumbnail4-300x200.jpg\" data-width=\"300\" data-height=\"200\" aria-label=\"\" role=\"img\" ><\/div>\n\t\t\t\t\t\t\t\t\t\t\t<div class=\"elementor-gallery-item__overlay\"><\/div>\n\t\t\t\t\t\t\t\t\t\t\t\t\t\t<\/a>\n\t\t\t\t\t\t\t<a class=\"e-gallery-item elementor-gallery-item elementor-animated-content\" data-e-gallery-tags=\"0\" href=\"https:\/\/police.govmu.org\/police\/wp-content\/uploads\/2021\/08\/thumbnail3.jpg\" data-elementor-open-lightbox=\"yes\" data-elementor-lightbox-slideshow=\"869a163\" data-elementor-lightbox-title=\"thumbnail3\" data-e-action-hash=\"#elementor-action%3Aaction%3Dlightbox%26settings%3DeyJpZCI6NzE2MywidXJsIjoiaHR0cHM6XC9cL3BvbGljZS5nb3ZtdS5vcmdcL3BvbGljZVwvd3AtY29udGVudFwvdXBsb2Fkc1wvMjAyMVwvMDhcL3RodW1ibmFpbDMuanBnIiwic2xpZGVzaG93IjoiODY5YTE2MyJ9\">\n\t\t\t\t\t<div class=\"e-gallery-image elementor-gallery-item__image\" data-thumbnail=\"https:\/\/police.govmu.org\/police\/wp-content\/uploads\/2021\/08\/thumbnail3-300x200.jpg\" data-width=\"300\" data-height=\"200\" aria-label=\"\" role=\"img\" ><\/div>\n\t\t\t\t\t\t\t\t\t\t\t<div class=\"elementor-gallery-item__overlay\"><\/div>\n\t\t\t\t\t\t\t\t\t\t\t\t\t\t<\/a>\n\t\t\t\t\t\t\t<a class=\"e-gallery-item elementor-gallery-item elementor-animated-content\" data-e-gallery-tags=\"0\" href=\"https:\/\/police.govmu.org\/police\/wp-content\/uploads\/2021\/08\/thumbnail1.jpg\" data-elementor-open-lightbox=\"yes\" data-elementor-lightbox-slideshow=\"869a163\" data-elementor-lightbox-title=\"thumbnail1\" data-e-action-hash=\"#elementor-action%3Aaction%3Dlightbox%26settings%3DeyJpZCI6NzE2MSwidXJsIjoiaHR0cHM6XC9cL3BvbGljZS5nb3ZtdS5vcmdcL3BvbGljZVwvd3AtY29udGVudFwvdXBsb2Fkc1wvMjAyMVwvMDhcL3RodW1ibmFpbDEuanBnIiwic2xpZGVzaG93IjoiODY5YTE2MyJ9\">\n\t\t\t\t\t<div class=\"e-gallery-image elementor-gallery-item__image\" data-thumbnail=\"https:\/\/police.govmu.org\/police\/wp-content\/uploads\/2021\/08\/thumbnail1-300x200.jpg\" data-width=\"300\" data-height=\"200\" aria-label=\"\" role=\"img\" ><\/div>\n\t\t\t\t\t\t\t\t\t\t\t<div class=\"elementor-gallery-item__overlay\"><\/div>\n\t\t\t\t\t\t\t\t\t\t\t\t\t\t<\/a>\n\t\t\t\t\t\t\t<a class=\"e-gallery-item elementor-gallery-item elementor-animated-content\" data-e-gallery-tags=\"0\" href=\"https:\/\/police.govmu.org\/police\/wp-content\/uploads\/2021\/08\/thumbnail2.jpg\" data-elementor-open-lightbox=\"yes\" data-elementor-lightbox-slideshow=\"869a163\" data-elementor-lightbox-title=\"thumbnail2\" data-e-action-hash=\"#elementor-action%3Aaction%3Dlightbox%26settings%3DeyJpZCI6NzE2MiwidXJsIjoiaHR0cHM6XC9cL3BvbGljZS5nb3ZtdS5vcmdcL3BvbGljZVwvd3AtY29udGVudFwvdXBsb2Fkc1wvMjAyMVwvMDhcL3RodW1ibmFpbDIuanBnIiwic2xpZGVzaG93IjoiODY5YTE2MyJ9\">\n\t\t\t\t\t<div class=\"e-gallery-image elementor-gallery-item__image\" data-thumbnail=\"https:\/\/police.govmu.org\/police\/wp-content\/uploads\/2021\/08\/thumbnail2-300x200.jpg\" data-width=\"300\" data-height=\"200\" aria-label=\"\" role=\"img\" ><\/div>\n\t\t\t\t\t\t\t\t\t\t\t<div class=\"elementor-gallery-item__overlay\"><\/div>\n\t\t\t\t\t\t\t\t\t\t\t\t\t\t<\/a>\n\t\t\t\t\t<\/div>\n\t\t\t\t\t<\/div>\n\t\t\t\t<\/div>\n\t\t\t\t\t<\/div>\n\t\t<\/div>\n\t\t\t\t\t<\/div>\n\t\t<\/section>\n\t\t\t\t<\/div>\n\t\t","protected":false},"excerpt":{"rendered":"<p>12 AO\u00dbT &#8211; JOURN\u00c9E INTERNATIONALE DE LA JEUNESSE. La police intensifie sa campagne de sensibilisation aupr\u00e8s des jeunes \u00ab\u00a0Encourager la jeunesse \u00e0 s\u2019instruire et \u00e0 se cultiver, c\u2019est b\u00e2tir une soci\u00e9t\u00e9 meilleure\u00a0\u00bb. Assur\u00e9ment, cette citation d\u2019Esther Johnson cadre bien avec les initiatives de la Crime Prevention Unit en marge de la Journ\u00e9e internationale de la &hellip;<\/p>\n<p class=\"read-more\"> <a class=\"\" href=\"https:\/\/police.govmu.org\/police\/?page_id=7159\"> <span class=\"screen-reader-text\">12 AO\u00dbT- JOURN\u00c9E INTERNATIONALE DE LA JEUNESSE. La police intensifie sa campagne de sensibilisation aupr\u00e8s des jeunes<\/span> Read More &raquo;<\/a><\/p>\n","protected":false},"author":6,"featured_media":0,"parent":0,"menu_order":0,"comment_status":"closed","ping_status":"closed","template":"","meta":{"site-sidebar-layout":"no-sidebar","site-content-layout":"page-builder","ast-main-header-display":"","ast-hfb-above-header-display":"","ast-hfb-below-header-display":"","ast-hfb-mobile-header-display":"","site-post-title":"disabled","ast-breadcrumbs-content":"","ast-featured-img":"disabled","footer-sml-layout":"","theme-transparent-header-meta":"default","adv-header-id-meta":"","stick-header-meta":"","header-above-stick-meta":"","header-main-stick-meta":"","header-below-stick-meta":"","footnotes":""},"categories":[36],"tags":[],"class_list":["post-7159","page","type-page","status-publish","hentry","category-latest-news"],"_links":{"self":[{"href":"https:\/\/police.govmu.org\/police\/index.php?rest_route=\/wp\/v2\/pages\/7159","targetHints":{"allow":["GET"]}}],"collection":[{"href":"https:\/\/police.govmu.org\/police\/index.php?rest_route=\/wp\/v2\/pages"}],"about":[{"href":"https:\/\/police.govmu.org\/police\/index.php?rest_route=\/wp\/v2\/types\/page"}],"author":[{"embeddable":true,"href":"https:\/\/police.govmu.org\/police\/index.php?rest_route=\/wp\/v2\/users\/6"}],"replies":[{"embeddable":true,"href":"https:\/\/police.govmu.org\/police\/index.php?rest_route=%2Fwp%2Fv2%2Fcomments&post=7159"}],"version-history":[{"count":10,"href":"https:\/\/police.govmu.org\/police\/index.php?rest_route=\/wp\/v2\/pages\/7159\/revisions"}],"predecessor-version":[{"id":7174,"href":"https:\/\/police.govmu.org\/police\/index.php?rest_route=\/wp\/v2\/pages\/7159\/revisions\/7174"}],"wp:attachment":[{"href":"https:\/\/police.govmu.org\/police\/index.php?rest_route=%2Fwp%2Fv2%2Fmedia&parent=7159"}],"wp:term":[{"taxonomy":"category","embeddable":true,"href":"https:\/\/police.govmu.org\/police\/index.php?rest_route=%2Fwp%2Fv2%2Fcategories&post=7159"},{"taxonomy":"post_tag","embeddable":true,"href":"https:\/\/police.govmu.org\/police\/index.php?rest_route=%2Fwp%2Fv2%2Ftags&post=7159"}],"curies":[{"name":"wp","href":"https:\/\/api.w.org\/{rel}","templated":true}]}}