{"id":7102,"date":"2021-08-04T16:06:48","date_gmt":"2021-08-04T12:06:48","guid":{"rendered":"https:\/\/police.govmu.org\/police\/?page_id=7102"},"modified":"2024-03-25T14:39:39","modified_gmt":"2024-03-25T10:39:39","slug":"elementor-7102","status":"publish","type":"page","link":"https:\/\/police.govmu.org\/police\/?page_id=7102","title":{"rendered":"Le Commissaire de Police rend visite au Sergent 5841 Samputh \u00e0 l\u2019h\u00f4pital Jeetoo"},"content":{"rendered":"\t\t<div data-elementor-type=\"wp-page\" data-elementor-id=\"7102\" class=\"elementor elementor-7102\" data-elementor-post-type=\"page\">\n\t\t\t\t\t\t<section class=\"elementor-section elementor-top-section elementor-element elementor-element-715a6ab elementor-section-boxed elementor-section-height-default elementor-section-height-default\" data-id=\"715a6ab\" data-element_type=\"section\">\n\t\t\t\t\t\t<div class=\"elementor-container elementor-column-gap-default\">\n\t\t\t\t\t<div class=\"elementor-column elementor-col-33 elementor-top-column elementor-element elementor-element-c85c11d\" data-id=\"c85c11d\" data-element_type=\"column\">\n\t\t\t<div class=\"elementor-widget-wrap elementor-element-populated\">\n\t\t\t\t\t\t<div class=\"elementor-element elementor-element-e3be3bd elementor-widget elementor-widget-image\" data-id=\"e3be3bd\" data-element_type=\"widget\" data-widget_type=\"image.default\">\n\t\t\t\t<div class=\"elementor-widget-container\">\n\t\t\t\t\t\t\t\t\t\t\t\t\t\t\t<img fetchpriority=\"high\" decoding=\"async\" width=\"683\" height=\"1024\" src=\"https:\/\/police.govmu.org\/police\/wp-content\/uploads\/2021\/08\/PS-Sumputh-02-683x1024.png\" class=\"attachment-large size-large wp-image-7084\" alt=\"\" srcset=\"https:\/\/police.govmu.org\/police\/wp-content\/uploads\/2021\/08\/PS-Sumputh-02-683x1024.png 683w, https:\/\/police.govmu.org\/police\/wp-content\/uploads\/2021\/08\/PS-Sumputh-02-200x300.png 200w, https:\/\/police.govmu.org\/police\/wp-content\/uploads\/2021\/08\/PS-Sumputh-02-768x1152.png 768w, https:\/\/police.govmu.org\/police\/wp-content\/uploads\/2021\/08\/PS-Sumputh-02.png 880w\" sizes=\"(max-width: 683px) 100vw, 683px\" \/>\t\t\t\t\t\t\t\t\t\t\t\t\t\t\t<\/div>\n\t\t\t\t<\/div>\n\t\t\t\t\t<\/div>\n\t\t<\/div>\n\t\t\t\t<div class=\"elementor-column elementor-col-66 elementor-top-column elementor-element elementor-element-c4c046f\" data-id=\"c4c046f\" data-element_type=\"column\">\n\t\t\t<div class=\"elementor-widget-wrap elementor-element-populated\">\n\t\t\t\t\t\t<div class=\"elementor-element elementor-element-be5117d elementor-widget elementor-widget-heading\" data-id=\"be5117d\" data-element_type=\"widget\" data-widget_type=\"heading.default\">\n\t\t\t\t<div class=\"elementor-widget-container\">\n\t\t\t\t\t<h2 class=\"elementor-heading-title elementor-size-default\">Le Commissaire de Police rend visite au Sergent 5841 Samputh \u00e0 l\u2019h\u00f4pital Jeetoo <\/h2>\t\t\t\t<\/div>\n\t\t\t\t<\/div>\n\t\t\t\t<div class=\"elementor-element elementor-element-9e41588 elementor-widget elementor-widget-text-editor\" data-id=\"9e41588\" data-element_type=\"widget\" data-widget_type=\"text-editor.default\">\n\t\t\t\t<div class=\"elementor-widget-container\">\n\t\t\t\t\t\t\t\t\t<p>Fra\u00eechement en poste, le Commissaire de Police, A. K. Dip, PMSM, a tenu \u00e0 rendre visite au Sergent 5841 Samputh \u00e0 l\u2019h\u00f4pital Jeetoo en ce mercredi 4 ao\u00fbt 2021. Ce dernier avait \u00e9t\u00e9 violemment percut\u00e9 par une voiture alors qu\u2019il \u00e9tait en fonction sur la route royale \u00e0 Moka dans la soir\u00e9e de samedi dernier. Cet acte d\u00e9lib\u00e9r\u00e9, que nous condamnons s\u00e9v\u00e8rement, aurait pu co\u00fbter la vie au policier affect\u00e9 \u00e0 la station de Moka.<\/p><p>\u00c0 noter que les occupants du v\u00e9hicule en question ont d\u00e9j\u00e0 \u00e9t\u00e9 arr\u00eat\u00e9s par la police.\u00a0<\/p><p>Au nom de la force polici\u00e8re, nous tenons \u00e0 souhaiter un bon r\u00e9tablissement au Sergent 5841 Samputh.<\/p>\t\t\t\t\t\t\t\t<\/div>\n\t\t\t\t<\/div>\n\t\t\t\t\t<\/div>\n\t\t<\/div>\n\t\t\t\t\t<\/div>\n\t\t<\/section>\n\t\t\t\t<section class=\"elementor-section elementor-top-section elementor-element elementor-element-c7ae0f5 elementor-section-boxed elementor-section-height-default elementor-section-height-default\" data-id=\"c7ae0f5\" data-element_type=\"section\">\n\t\t\t\t\t\t<div class=\"elementor-container elementor-column-gap-default\">\n\t\t\t\t\t<div class=\"elementor-column elementor-col-100 elementor-top-column elementor-element elementor-element-1afa02c\" data-id=\"1afa02c\" data-element_type=\"column\">\n\t\t\t<div class=\"elementor-widget-wrap\">\n\t\t\t\t\t\t\t<\/div>\n\t\t<\/div>\n\t\t\t\t\t<\/div>\n\t\t<\/section>\n\t\t\t\t<\/div>\n\t\t","protected":false},"excerpt":{"rendered":"<p>Le Commissaire de Police rend visite au Sergent 5841 Samputh \u00e0 l\u2019h\u00f4pital Jeetoo Fra\u00eechement en poste, le Commissaire de Police, A. K. Dip, PMSM, a tenu \u00e0 rendre visite au Sergent 5841 Samputh \u00e0 l\u2019h\u00f4pital Jeetoo en ce mercredi 4 ao\u00fbt 2021. Ce dernier avait \u00e9t\u00e9 violemment percut\u00e9 par une voiture alors qu\u2019il \u00e9tait en &hellip;<\/p>\n<p class=\"read-more\"> <a class=\"\" href=\"https:\/\/police.govmu.org\/police\/?page_id=7102\"> <span class=\"screen-reader-text\">Le Commissaire de Police rend visite au Sergent 5841 Samputh \u00e0 l\u2019h\u00f4pital Jeetoo<\/span> Read More &raquo;<\/a><\/p>\n","protected":false},"author":3,"featured_media":0,"parent":0,"menu_order":0,"comment_status":"closed","ping_status":"closed","template":"","meta":{"site-sidebar-layout":"no-sidebar","site-content-layout":"page-builder","ast-main-header-display":"","ast-hfb-above-header-display":"","ast-hfb-below-header-display":"","ast-hfb-mobile-header-display":"","site-post-title":"disabled","ast-breadcrumbs-content":"","ast-featured-img":"disabled","footer-sml-layout":"","theme-transparent-header-meta":"default","adv-header-id-meta":"","stick-header-meta":"","header-above-stick-meta":"","header-main-stick-meta":"","header-below-stick-meta":"","footnotes":""},"categories":[36],"tags":[],"class_list":["post-7102","page","type-page","status-publish","hentry","category-latest-news"],"_links":{"self":[{"href":"https:\/\/police.govmu.org\/police\/index.php?rest_route=\/wp\/v2\/pages\/7102","targetHints":{"allow":["GET"]}}],"collection":[{"href":"https:\/\/police.govmu.org\/police\/index.php?rest_route=\/wp\/v2\/pages"}],"about":[{"href":"https:\/\/police.govmu.org\/police\/index.php?rest_route=\/wp\/v2\/types\/page"}],"author":[{"embeddable":true,"href":"https:\/\/police.govmu.org\/police\/index.php?rest_route=\/wp\/v2\/users\/3"}],"replies":[{"embeddable":true,"href":"https:\/\/police.govmu.org\/police\/index.php?rest_route=%2Fwp%2Fv2%2Fcomments&post=7102"}],"version-history":[{"count":5,"href":"https:\/\/police.govmu.org\/police\/index.php?rest_route=\/wp\/v2\/pages\/7102\/revisions"}],"predecessor-version":[{"id":7864,"href":"https:\/\/police.govmu.org\/police\/index.php?rest_route=\/wp\/v2\/pages\/7102\/revisions\/7864"}],"wp:attachment":[{"href":"https:\/\/police.govmu.org\/police\/index.php?rest_route=%2Fwp%2Fv2%2Fmedia&parent=7102"}],"wp:term":[{"taxonomy":"category","embeddable":true,"href":"https:\/\/police.govmu.org\/police\/index.php?rest_route=%2Fwp%2Fv2%2Fcategories&post=7102"},{"taxonomy":"post_tag","embeddable":true,"href":"https:\/\/police.govmu.org\/police\/index.php?rest_route=%2Fwp%2Fv2%2Ftags&post=7102"}],"curies":[{"name":"wp","href":"https:\/\/api.w.org\/{rel}","templated":true}]}}